{"id":6545,"date":"2025-12-22T06:55:27","date_gmt":"2025-12-22T06:55:27","guid":{"rendered":"https:\/\/ranch-roping-team.de\/?page_id=6545"},"modified":"2025-12-22T21:13:02","modified_gmt":"2025-12-22T21:13:02","slug":"mediathek","status":"publish","type":"page","link":"https:\/\/ranch-roping-team.de\/en\/mediathek\/","title":{"rendered":"Mediathek"},"content":{"rendered":"<p>[vc_row bg_color=&#8221;&#8221;][vc_column width=&#8221;1\/1&#8243;][vc_row_inner][vc_column_inner width=&#8221;1\/2&#8243;]<div class=\"ish-sc-element ish-sc_embed\"><div style=\"width: 640px;\" class=\"wp-video\"><video class=\"wp-video-shortcode\" id=\"video-6545-1\" width=\"640\" height=\"360\" preload=\"metadata\" controls=\"controls\"><source type=\"video\/mp4\" src=\"https:\/\/ranch-roping-team.de\/video\/Fall%20Gathering%E2%80%93Zeitenhof-2024.mp4?_=1\" \/><a href=\"https:\/\/ranch-roping-team.de\/video\/Fall%20Gathering%E2%80%93Zeitenhof-2024.mp4\">https:\/\/ranch-roping-team.de\/video\/Fall%20Gathering%E2%80%93Zeitenhof-2024.mp4<\/a><\/video><\/div><\/div>[\/vc_column_inner][vc_column_inner width=&#8221;1\/2&#8243;][vc_column_text]<strong>Gathering auf dem Zeitenhof 2024<\/strong><\/p>\n<p>Auf dem Familienbetrieb von Florance Hallier und Leonard Emmel fand 2024 das gemeinsame Gathering statt. Im waren wilden Norden bewirtschaftet die Familie mit ca. 250 Herford und Angus Rindern ca. 300 ha Weidefl\u00e4che. Einmal im Jahr m\u00fcssen die K\u00e4lber des Jahres kastriert werden. Wie das war, seht ihr in diesem Video.[\/vc_column_text][\/vc_column_inner][\/vc_row_inner]<div class=\"ish-sc-element ish-sc_embed\"><div style=\"width: 640px;\" class=\"wp-video\"><video class=\"wp-video-shortcode\" id=\"video-6545-2\" width=\"640\" height=\"360\" preload=\"metadata\" controls=\"controls\"><source type=\"video\/mp4\" src=\"https:\/\/ranch-roping-team.de\/video\/Martinblack.mp4?_=2\" \/><a href=\"https:\/\/ranch-roping-team.de\/video\/Martinblack.mp4\">https:\/\/ranch-roping-team.de\/video\/Martinblack.mp4<\/a><\/video><\/div><\/div><div class=\"ish-sc-element ish-sc_embed\"><div style=\"width: 640px;\" class=\"wp-video\"><video class=\"wp-video-shortcode\" id=\"video-6545-3\" width=\"640\" height=\"360\" preload=\"metadata\" controls=\"controls\"><source type=\"video\/mp4\" src=\"https:\/\/ranch-roping-team.de\/video\/roping_weekend_schaan.mp4?_=3\" \/><a href=\"https:\/\/ranch-roping-team.de\/video\/roping_weekend_schaan.mp4\">https:\/\/ranch-roping-team.de\/video\/roping_weekend_schaan.mp4<\/a><\/video><\/div><\/div>[\/vc_column][\/vc_row]<\/p>\n","protected":false},"excerpt":{"rendered":"<p>[vc_row bg_color=&#8221;&#8221;][vc_column width=&#8221;1\/1&#8243;][vc_row_inner][vc_column_inner width=&#8221;1\/2&#8243;][\/vc_column_inner][vc_column_inner width=&#8221;1\/2&#8243;][vc_column_text]Gathering auf dem Zeitenhof 2024 Auf dem Familienbetrieb von Florance Hallier und Leonard Emmel fand 2024 das gemeinsame Gathering statt. Im waren wilden Norden bewirtschaftet die Familie mit ca. 250 Herford und Angus Rindern ca. 300 ha Weidefl\u00e4che. Einmal im Jahr m\u00fcssen die K\u00e4lber des Jahres kastriert werden. Wie das war, [&hellip;]<\/p>\n","protected":false},"author":5,"featured_media":0,"parent":0,"menu_order":0,"comment_status":"closed","ping_status":"closed","template":"","meta":{"footnotes":""},"class_list":["post-6545","page","type-page","status-publish","hentry"],"translation":{"provider":"WPGlobus","version":"3.0.2","language":"en","enabled_languages":["de","en"],"languages":{"de":{"title":true,"content":true,"excerpt":false},"en":{"title":false,"content":false,"excerpt":false}}},"_links":{"self":[{"href":"https:\/\/ranch-roping-team.de\/en\/wp-json\/wp\/v2\/pages\/6545","targetHints":{"allow":["GET"]}}],"collection":[{"href":"https:\/\/ranch-roping-team.de\/en\/wp-json\/wp\/v2\/pages"}],"about":[{"href":"https:\/\/ranch-roping-team.de\/en\/wp-json\/wp\/v2\/types\/page"}],"author":[{"embeddable":true,"href":"https:\/\/ranch-roping-team.de\/en\/wp-json\/wp\/v2\/users\/5"}],"replies":[{"embeddable":true,"href":"https:\/\/ranch-roping-team.de\/en\/wp-json\/wp\/v2\/comments?post=6545"}],"version-history":[{"count":9,"href":"https:\/\/ranch-roping-team.de\/en\/wp-json\/wp\/v2\/pages\/6545\/revisions"}],"predecessor-version":[{"id":6560,"href":"https:\/\/ranch-roping-team.de\/en\/wp-json\/wp\/v2\/pages\/6545\/revisions\/6560"}],"wp:attachment":[{"href":"https:\/\/ranch-roping-team.de\/en\/wp-json\/wp\/v2\/media?parent=6545"}],"curies":[{"name":"wp","href":"https:\/\/api.w.org\/{rel}","templated":true}]}}